{"id":28023,"date":"2021-10-07T11:47:54","date_gmt":"2021-10-07T15:47:54","guid":{"rendered":"https:\/\/vistacentre.ca\/videos\/reconnaitre-un-avc\/"},"modified":"2021-10-07T12:04:51","modified_gmt":"2021-10-07T16:04:51","slug":"reconnaitre-un-avc","status":"publish","type":"page","link":"https:\/\/vistacentre.ca\/fr\/videos\/reconnaitre-un-avc\/","title":{"rendered":"Reconna\u00eetre un AVC"},"content":{"rendered":"\n\n\t<h1>Vid\u00e9os sur l&rsquo;AVC<\/h1>\n\t<h3>Comment reconna\u00eetre un AVC<\/h3>\n<p>FAST est une campagne de sant\u00e9 publique produite par le Heart Disease and Stroke Prevention Program du Massachusetts Department of Public Health.<\/p>\n\t<iframe loading=\"lazy\" title=\"Stroke Heroes Act Fast\" width=\"500\" height=\"375\" src=\"https:\/\/www.youtube.com\/embed\/YHzz2cXBlGk?feature=oembed\" frameborder=\"0\" allow=\"accelerometer; autoplay; clipboard-write; encrypted-media; gyroscope; picture-in-picture\" allowfullscreen><\/iframe>\n\t<h3>R\u00e9cup\u00e9ration apr\u00e8s un AVC<\/h3>\n<p>Apprenez du Dr Yao ce qui peut arriver pendant la phase de r\u00e9cup\u00e9ration, la plasticit\u00e9 neuronale et la diff\u00e9rence de vitesse de r\u00e9cup\u00e9ration motrice par rapport \u00e0 la r\u00e9cup\u00e9ration de la parole<\/p>\n\t<iframe loading=\"lazy\" title=\"Acquired Brain Injury : Recovery Part 1\" width=\"500\" height=\"281\" src=\"https:\/\/www.youtube.com\/embed\/d30Vac2mn3E?feature=oembed\" frameborder=\"0\" allow=\"accelerometer; autoplay; clipboard-write; encrypted-media; gyroscope; picture-in-picture\" allowfullscreen><\/iframe>\n\t\t\t\t<a href=\"\/videos\/brainanatomy\" target=\"_self\" itemprop=\"url\" rel=\"noopener\">\n\t\t\t\t<img loading=\"lazy\" decoding=\"async\" src=\"https:\/\/vistacentre.ca\/wp-content\/uploads\/2019\/06\/thumb-videos-brain.jpg\" alt=\"Anatomy of the brain\" itemprop=\"image\" height=\"342\" width=\"512\" title=\"Anatomy of the brain\" onerror=\"this.style.display='none'\"  \/>\n\t\t\t\t<\/a>\n<h4><a href=\"\/videos\/brainanatomy\" target=\"_self\" rel=\"noopener\">BRAIN ANATOMY<\/a><\/h4>\t\t\n\t\t\t<p>Direct Relief is supporting health facilities in hurricane-affected communities across the Gulf and Atlantic Coasts.<\/p>\n\t\t\t<a href=\"\/videos\/brainanatomy\" target=\"_self\" role=\"button\" rel=\"noopener\">\n\t\t\t\t\t\t\tView videos\n\t\t\t\t\t<\/a>\n\t\t\t\t<a href=\"\/videos\/survivorsstory\" target=\"_self\" itemprop=\"url\" rel=\"noopener\">\n\t\t\t\t<img loading=\"lazy\" decoding=\"async\" src=\"https:\/\/vistacentre.ca\/wp-content\/uploads\/2019\/06\/thumb-videos-survivors.jpg\" alt=\"Brain Injury Survivor Stories\" itemprop=\"image\" height=\"342\" width=\"512\" title=\"Brain Injury Survivor Stories\" onerror=\"this.style.display='none'\"  \/>\n\t\t\t\t<\/a>\n<h4><a href=\"\/videos\/survivorsstory\" target=\"_self\" rel=\"noopener\">SURVIVOR STORIES<\/a><\/h4>\t\t\n\t\t\t<p>Direct Relief is supporting health facilities in hurricane-affected communities across the Gulf and Atlantic Coasts.<\/p>\n\t\t\t<a href=\"\/videos\/survivorsstory\" target=\"_self\" role=\"button\" rel=\"noopener\">\n\t\t\t\t\t\t\tView videos\n\t\t\t\t\t<\/a>\n\t\t\t\t<a href=\"\/videos\/acquiredbraininjury\" target=\"_self\" itemprop=\"url\" rel=\"noopener\">\n\t\t\t\t<img loading=\"lazy\" decoding=\"async\" src=\"https:\/\/vistacentre.ca\/wp-content\/uploads\/2019\/06\/thumb-videos-abi.jpg\" alt=\"Acquired Brain Injury Videos\" itemprop=\"image\" height=\"342\" width=\"512\" title=\"Acquired Brain Injury Videos\" onerror=\"this.style.display='none'\"  \/>\n\t\t\t\t<\/a>\n<h4><a href=\"\/videos\/acquiredbraininjury\" target=\"_self\" rel=\"noopener\">AQUIRED BRAIN INJURY<\/a><\/h4>\t\t\n\t\t\t<p>Direct Relief is supporting health facilities in hurricane-affected communities across the Gulf and Atlantic Coasts.<\/p>\n\t\t\t<a href=\"\/videos\/acquiredbraininjury\" target=\"_self\" role=\"button\" rel=\"noopener\">\n\t\t\t\t\t\t\tView videos\n\t\t\t\t\t<\/a>\n\t\t\t\t<a href=\"\/videos\/stroke\" target=\"_self\" itemprop=\"url\" rel=\"noopener\">\n\t\t\t\t<img loading=\"lazy\" decoding=\"async\" src=\"https:\/\/vistacentre.ca\/wp-content\/uploads\/2019\/06\/thumb-videos-stroke.jpg\" alt=\"Recognizing Stroke from Brain Injury\" itemprop=\"image\" height=\"342\" width=\"512\" title=\"Recognizing Stroke\" onerror=\"this.style.display='none'\"  \/>\n\t\t\t\t<\/a>\n<h4><a href=\"\/videos\/stroke\" target=\"_self\" rel=\"noopener\">RECOGNIZING STROKE<\/a><\/h4>\t\t\n\t\t\t<p>Direct Relief is supporting health facilities in hurricane-affected communities across the Gulf and Atlantic Coasts.<\/p>\n\t\t\t<a href=\"\/videos\/stroke\" target=\"_self\" role=\"button\" rel=\"noopener\">\n\t\t\t\t\t\t\tView videos\n\t\t\t\t\t<\/a>\n    <a target=\"_blank\" href=\"https:\/\/www.ocsa.on.ca\/membership\" rel=\"noopener\"><img decoding=\"async\" src=\"https:\/\/vistacentre.ca\/wp-content\/uploads\/OCSA-Members-Badge.png\"\/><\/a>\n    <a target=\"_blank\" href=\"https:\/\/accreditation.ca\/\" rel=\"noopener\"><img decoding=\"async\" src=\"https:\/\/vistacentre.ca\/wp-content\/uploads\/Accreditation-Canada-Seal.png\"\/><\/a>\n\n","protected":false},"excerpt":{"rendered":"<p>Vid\u00e9os sur l&rsquo;AVC Comment reconna\u00eetre un AVC FAST est une campagne de sant\u00e9 publique produite par le Heart Disease and Stroke Prevention Program du Massachusetts Department of Public Health. R\u00e9cup\u00e9ration apr\u00e8s un AVC Apprenez du Dr Yao ce qui peut arriver pendant la phase de r\u00e9cup\u00e9ration, la plasticit\u00e9 neuronale et la diff\u00e9rence de vitesse de&hellip;<\/p>\n","protected":false},"author":2,"featured_media":0,"parent":28017,"menu_order":3,"comment_status":"closed","ping_status":"closed","template":"","meta":{"inline_featured_image":false,"footnotes":""},"class_list":["post-28023","page","type-page","status-publish","hentry"],"_links":{"self":[{"href":"https:\/\/vistacentre.ca\/fr\/wp-json\/wp\/v2\/pages\/28023","targetHints":{"allow":["GET"]}}],"collection":[{"href":"https:\/\/vistacentre.ca\/fr\/wp-json\/wp\/v2\/pages"}],"about":[{"href":"https:\/\/vistacentre.ca\/fr\/wp-json\/wp\/v2\/types\/page"}],"author":[{"embeddable":true,"href":"https:\/\/vistacentre.ca\/fr\/wp-json\/wp\/v2\/users\/2"}],"replies":[{"embeddable":true,"href":"https:\/\/vistacentre.ca\/fr\/wp-json\/wp\/v2\/comments?post=28023"}],"version-history":[{"count":0,"href":"https:\/\/vistacentre.ca\/fr\/wp-json\/wp\/v2\/pages\/28023\/revisions"}],"up":[{"embeddable":true,"href":"https:\/\/vistacentre.ca\/fr\/wp-json\/wp\/v2\/pages\/28017"}],"wp:attachment":[{"href":"https:\/\/vistacentre.ca\/fr\/wp-json\/wp\/v2\/media?parent=28023"}],"curies":[{"name":"wp","href":"https:\/\/api.w.org\/{rel}","templated":true}]}}