{"id":28021,"date":"2021-10-07T11:47:10","date_gmt":"2021-10-07T15:47:10","guid":{"rendered":"https:\/\/vistacentre.ca\/videos\/lesion-cerebrale-acquise\/"},"modified":"2021-10-07T12:07:53","modified_gmt":"2021-10-07T16:07:53","slug":"lesion-cerebrale-acquise","status":"publish","type":"page","link":"https:\/\/vistacentre.ca\/fr\/videos\/lesion-cerebrale-acquise\/","title":{"rendered":"L\u00e9sion c\u00e9r\u00e9brale acquise"},"content":{"rendered":"\n\n\t<h1>L\u00e9sion c\u00e9r\u00e9brale acquise<\/h1>\n\t<h3>Partie 1 : L\u00e9sion c\u00e9r\u00e9brale traumatique <\/h3>\n<p>Apprenez du Dr Yao certaines des causes des l\u00e9sions c\u00e9r\u00e9brales traumatiques (TCC) et ce qui peut arriver au cerveau \u00e0 la suite d&rsquo;un traumatisme cr\u00e2nien.<\/p>\n\t<iframe loading=\"lazy\" title=\"Traumatic Brain Injury - Part 1\" width=\"500\" height=\"281\" src=\"https:\/\/www.youtube.com\/embed\/PXFLbEH47oM?feature=oembed\" frameborder=\"0\" allow=\"accelerometer; autoplay; clipboard-write; encrypted-media; gyroscope; picture-in-picture\" allowfullscreen><\/iframe>\n\t<h3>Partie 2 : L\u00e9sion c\u00e9r\u00e9brale traumatique<\/h3>\n<p>Que se passe-t-il lorsqu&rsquo;il y a une augmentation de la pression \u00e0 l&rsquo;int\u00e9rieur de votre cr\u00e2ne. Le Dr Yao abordera \u00e9galement ce qui se passe lorsqu&rsquo;une tumeur au cerveau se d\u00e9veloppe.<\/p>\n\t<iframe loading=\"lazy\" title=\"Traumatic Brain Injury - Part 2\" width=\"500\" height=\"281\" src=\"https:\/\/www.youtube.com\/embed\/1pb0EjXxqv0?feature=oembed\" frameborder=\"0\" allow=\"accelerometer; autoplay; clipboard-write; encrypted-media; gyroscope; picture-in-picture\" allowfullscreen><\/iframe>\n\t<h3>Partie1:r\u00e9sultat des l\u00e9sions c\u00e9r\u00e9brales acquises<\/h3>\n<p>Apprenez de Dy. Yao sur la fa\u00e7on dont des facteurs tels que l&rsquo;\u00e2ge, la gravit\u00e9 des blessures, des probl\u00e8mes de sant\u00e9 pr\u00e9existants ainsi qu&rsquo;un bon soutien social peuvent avoir un impact sur les r\u00e9sultats.<\/p>\n\t<iframe loading=\"lazy\" title=\"Acquired Brain Injury Outcomes - Part 1\" width=\"500\" height=\"281\" src=\"https:\/\/www.youtube.com\/embed\/xH_Zkb57lPU?feature=oembed\" frameborder=\"0\" allow=\"accelerometer; autoplay; clipboard-write; encrypted-media; gyroscope; picture-in-picture\" allowfullscreen><\/iframe>\n\t<h3>Partie2:r\u00e9sultat des l\u00e9sions c\u00e9r\u00e9brales acquises<\/h3>\n<p>Apprenez la diff\u00e9rence entre une l\u00e9sion c\u00e9r\u00e9brale traumatique l\u00e9g\u00e8re, mod\u00e9r\u00e9e et s\u00e9v\u00e8re. Le Dr Yao expliquera \u00e9galement quelle est la signification des acronymes GCS, PTA, CT et MRI ?<\/p>\n\t<iframe loading=\"lazy\" title=\"Acquired Brain Injury Outcomes - Part 2\" width=\"500\" height=\"281\" src=\"https:\/\/www.youtube.com\/embed\/3kZ5p_cIz8Q?feature=oembed\" frameborder=\"0\" allow=\"accelerometer; autoplay; clipboard-write; encrypted-media; gyroscope; picture-in-picture\" allowfullscreen><\/iframe>\n\t<h3>R\u00e9cup\u00e9ration d&rsquo;une l\u00e9sion c\u00e9r\u00e9brale acquise<\/h3>\n<p>Le Dr Yao parle du r\u00e9tablissement pendant les phases aigu\u00ebs et de r\u00e9adaptation d&rsquo;une blessure, et de la fa\u00e7on dont les familles peuvent soutenir leurs proches pendant le r\u00e9tablissement.<\/p>\n\t<meta itemprop=\"name\" content=\"Parts of the Brain\" \/><meta itemprop=\"uploadDate\" content=\"2019-05-27\" \/><meta itemprop=\"thumbnailUrl\" content=\"https:\/\/vistacentre.ca\/wp-content\/uploads\/2019\/05\/brain-injury-video-1.jpeg\" \/><meta itemprop=\"description\" content=\"Pinky and the Brain describe the human brain.\" \/><iframe loading=\"lazy\" title=\"Acquired Brain Injury : Recovery Part 2\" width=\"500\" height=\"281\" src=\"https:\/\/www.youtube.com\/embed\/qk7doYA_ffw?feature=oembed\" frameborder=\"0\" allow=\"accelerometer; autoplay; clipboard-write; encrypted-media; gyroscope; picture-in-picture\" allowfullscreen><\/iframe>\n\t<h3>Comment cela affecte le cerveau<\/h3>\n<p>Source : Dr James Kelly, professeur de neurochirurgie, de m\u00e9decine physique et de r\u00e9adaptation \u00e0 la facult\u00e9 de m\u00e9decine de l&rsquo;Universit\u00e9 du Colorado \u00e0 Denver.<\/p>\n\t<meta itemprop=\"name\" content=\"Parts of the Brain\" \/><meta itemprop=\"uploadDate\" content=\"2019-05-27\" \/><meta itemprop=\"thumbnailUrl\" content=\"https:\/\/vistacentre.ca\/wp-content\/uploads\/2019\/05\/brain-injury-video-1.jpeg\" \/><meta itemprop=\"description\" content=\"Pinky and the Brain describe the human brain.\" \/><iframe loading=\"lazy\" title=\"Dr. James Kelly: Areas of the Brain Affected by Concussion\" width=\"500\" height=\"375\" src=\"https:\/\/www.youtube.com\/embed\/9izH26JzmIo?feature=oembed\" frameborder=\"0\" allow=\"accelerometer; autoplay; clipboard-write; encrypted-media; gyroscope; picture-in-picture\" allowfullscreen><\/iframe>\n    <a target=\"_blank\" href=\"https:\/\/www.ocsa.on.ca\/membership\" rel=\"noopener\"><img decoding=\"async\" src=\"https:\/\/vistacentre.ca\/wp-content\/uploads\/OCSA-Members-Badge.png\"\/><\/a>\n    <a target=\"_blank\" href=\"https:\/\/accreditation.ca\/\" rel=\"noopener\"><img decoding=\"async\" src=\"https:\/\/vistacentre.ca\/wp-content\/uploads\/Accreditation-Canada-Seal.png\"\/><\/a>\n\n","protected":false},"excerpt":{"rendered":"<p>L\u00e9sion c\u00e9r\u00e9brale acquise Partie 1 : L\u00e9sion c\u00e9r\u00e9brale traumatique Apprenez du Dr Yao certaines des causes des l\u00e9sions c\u00e9r\u00e9brales traumatiques (TCC) et ce qui peut arriver au cerveau \u00e0 la suite d&rsquo;un traumatisme cr\u00e2nien. Partie 2 : L\u00e9sion c\u00e9r\u00e9brale traumatique Que se passe-t-il lorsqu&rsquo;il y a une augmentation de la pression \u00e0 l&rsquo;int\u00e9rieur de votre&hellip;<\/p>\n","protected":false},"author":2,"featured_media":0,"parent":28017,"menu_order":2,"comment_status":"closed","ping_status":"closed","template":"","meta":{"inline_featured_image":false,"footnotes":""},"class_list":["post-28021","page","type-page","status-publish","hentry"],"_links":{"self":[{"href":"https:\/\/vistacentre.ca\/fr\/wp-json\/wp\/v2\/pages\/28021","targetHints":{"allow":["GET"]}}],"collection":[{"href":"https:\/\/vistacentre.ca\/fr\/wp-json\/wp\/v2\/pages"}],"about":[{"href":"https:\/\/vistacentre.ca\/fr\/wp-json\/wp\/v2\/types\/page"}],"author":[{"embeddable":true,"href":"https:\/\/vistacentre.ca\/fr\/wp-json\/wp\/v2\/users\/2"}],"replies":[{"embeddable":true,"href":"https:\/\/vistacentre.ca\/fr\/wp-json\/wp\/v2\/comments?post=28021"}],"version-history":[{"count":0,"href":"https:\/\/vistacentre.ca\/fr\/wp-json\/wp\/v2\/pages\/28021\/revisions"}],"up":[{"embeddable":true,"href":"https:\/\/vistacentre.ca\/fr\/wp-json\/wp\/v2\/pages\/28017"}],"wp:attachment":[{"href":"https:\/\/vistacentre.ca\/fr\/wp-json\/wp\/v2\/media?parent=28021"}],"curies":[{"name":"wp","href":"https:\/\/api.w.org\/{rel}","templated":true}]}}