{"id":28002,"date":"2021-10-06T15:14:24","date_gmt":"2021-10-06T19:14:24","guid":{"rendered":"https:\/\/vistacentre.ca\/declaration-daccessibilite\/"},"modified":"2024-10-29T16:16:57","modified_gmt":"2024-10-29T20:16:57","slug":"declaration-daccessibilite","status":"publish","type":"page","link":"https:\/\/vistacentre.ca\/fr\/declaration-daccessibilite\/","title":{"rendered":"D\u00e9claration d&rsquo;accessibilit\u00e9"},"content":{"rendered":"\n\n\t<h1>Accessibilit\u00e9 du site Web<\/h1>\n<p>Technologie utilisateur Vista Center Brain Injury Services (VCBIS) fournie par userway.org pour aider \u00e0 accro\u00eetre la conformit\u00e9 avec WCAG 2.1.<\/p>\n<p>Si vous avez des questions ou des pr\u00e9occupations concernant l&rsquo;accessibilit\u00e9 de notre site Web, veuillez nous contacter \u00e0 <a href=\"mailto:info@vistacentre.ca\">info@vistacentre.ca<\/a>.<\/p>\n    <a target=\"_blank\" href=\"https:\/\/www.ocsa.on.ca\/membership\" rel=\"noopener\"><img decoding=\"async\" src=\"https:\/\/vistacentre.ca\/wp-content\/uploads\/OCSA-Members-Badge.png\"\/><\/a>\n    <a target=\"_blank\" href=\"https:\/\/accreditation.ca\/\" rel=\"noopener\"><img decoding=\"async\" src=\"https:\/\/vistacentre.ca\/wp-content\/uploads\/Accreditation-Canada-Seal.png\"\/><\/a>\n\n","protected":false},"excerpt":{"rendered":"<p>Accessibilit\u00e9 du site Web Technologie utilisateur Vista Center Brain Injury Services (VCBIS) fournie par userway.org pour aider \u00e0 accro\u00eetre la conformit\u00e9 avec WCAG 2.1. Si vous avez des questions ou des pr\u00e9occupations concernant l&rsquo;accessibilit\u00e9 de notre site Web, veuillez nous contacter \u00e0 info@vistacentre.ca.<\/p>\n","protected":false},"author":2,"featured_media":0,"parent":0,"menu_order":16,"comment_status":"closed","ping_status":"closed","template":"","meta":{"inline_featured_image":false,"footnotes":""},"class_list":["post-28002","page","type-page","status-publish","hentry"],"_links":{"self":[{"href":"https:\/\/vistacentre.ca\/fr\/wp-json\/wp\/v2\/pages\/28002","targetHints":{"allow":["GET"]}}],"collection":[{"href":"https:\/\/vistacentre.ca\/fr\/wp-json\/wp\/v2\/pages"}],"about":[{"href":"https:\/\/vistacentre.ca\/fr\/wp-json\/wp\/v2\/types\/page"}],"author":[{"embeddable":true,"href":"https:\/\/vistacentre.ca\/fr\/wp-json\/wp\/v2\/users\/2"}],"replies":[{"embeddable":true,"href":"https:\/\/vistacentre.ca\/fr\/wp-json\/wp\/v2\/comments?post=28002"}],"version-history":[{"count":0,"href":"https:\/\/vistacentre.ca\/fr\/wp-json\/wp\/v2\/pages\/28002\/revisions"}],"wp:attachment":[{"href":"https:\/\/vistacentre.ca\/fr\/wp-json\/wp\/v2\/media?parent=28002"}],"curies":[{"name":"wp","href":"https:\/\/api.w.org\/{rel}","templated":true}]}}