{"id":27930,"date":"2021-10-04T15:48:37","date_gmt":"2021-10-04T19:48:37","guid":{"rendered":"https:\/\/vistacentre.ca\/ressources\/articles-pour-les-survivants\/"},"modified":"2021-10-26T12:55:47","modified_gmt":"2021-10-26T16:55:47","slug":"articles-pour-les-survivants","status":"publish","type":"page","link":"https:\/\/vistacentre.ca\/fr\/ressources\/articles-pour-les-survivants\/","title":{"rendered":"Articles pour les survivants"},"content":{"rendered":"\n\n\t<h2>Vid\u00e9os d&rsquo;int\u00e9r\u00eat<\/h2>\n\t<h3>Kevin Pearce &#8211; TEDx<\/h3>\n<p>Une l\u00e9sion c\u00e9r\u00e9brale est comme une empreinte digitale, il n&rsquo;y en a pas deux pareils<\/p>\n\t<meta itemprop=\"name\" content=\"Parts of the Brain\" \/><meta itemprop=\"uploadDate\" content=\"2019-05-27\" \/><meta itemprop=\"thumbnailUrl\" content=\"https:\/\/vistacentre.ca\/wp-content\/uploads\/2019\/05\/brain-injury-video-1.jpeg\" \/><meta itemprop=\"description\" content=\"Pinky and the Brain describe the human brain.\" \/><iframe loading=\"lazy\" title=\"A brain injury is like a fingerprint, no two are alike | Kevin Pearce | TEDxLincolnSquare\" width=\"500\" height=\"281\" src=\"https:\/\/www.youtube.com\/embed\/FZH7-r1Wy9o?feature=oembed\" frameborder=\"0\" allow=\"accelerometer; autoplay; clipboard-write; encrypted-media; gyroscope; picture-in-picture\" allowfullscreen><\/iframe>\n\t<h3>Ann Zuccardy &#8211; TEDx<\/h3>\n<p>Comment une l\u00e9sion c\u00e9r\u00e9brale m&rsquo;a rendu plus intelligent<\/p>\n\t<iframe loading=\"lazy\" title=\"How a brain injury made me smarter: Ann Zuccardy at TEDxPhoenixville\" width=\"500\" height=\"281\" src=\"https:\/\/www.youtube.com\/embed\/08HkZgTIYm8?feature=oembed\" frameborder=\"0\" allow=\"accelerometer; autoplay; clipboard-write; encrypted-media; gyroscope; picture-in-picture\" allowfullscreen><\/iframe>\n\t<h3>Jill Bolte Taylor<\/h3>\n<p>Mon coup de perspicacit\u00e9<\/p>\n\t<meta itemprop=\"name\" content=\"Parts of the Brain\" \/><meta itemprop=\"uploadDate\" content=\"2019-05-27\" \/><meta itemprop=\"thumbnailUrl\" content=\"https:\/\/vistacentre.ca\/wp-content\/uploads\/2019\/05\/brain-injury-video-1.jpeg\" \/><meta itemprop=\"description\" content=\"Pinky and the Brain describe the human brain.\" \/><iframe loading=\"lazy\" title=\"My stroke of insight | Jill Bolte Taylor\" width=\"500\" height=\"281\" src=\"https:\/\/www.youtube.com\/embed\/UyyjU8fzEYU?feature=oembed\" frameborder=\"0\" allow=\"accelerometer; autoplay; clipboard-write; encrypted-media; gyroscope; picture-in-picture\" allowfullscreen><\/iframe>\n\t<h3>Pekka Hyysalo &#8211; TEDx<\/h3>\n<p>FightBack &#8211; mon r\u00e9tablissement apr\u00e8s un traumatisme cr\u00e2nien<\/p>\n\t<iframe loading=\"lazy\" title=\"FightBack - my recovery from traumatic brain injury | Pekka Hyysalo | TEDxTurku\" width=\"500\" height=\"281\" src=\"https:\/\/www.youtube.com\/embed\/7ZkNABCyMYk?feature=oembed\" frameborder=\"0\" allow=\"accelerometer; autoplay; clipboard-write; encrypted-media; gyroscope; picture-in-picture\" allowfullscreen><\/iframe>\n\t\t\t\t<a href=\"https:\/\/vistacentre.ca\/fr\/ressources\/services-communautaires\/\" target=\"_self\" itemprop=\"url\" rel=\"noopener\">\n\t\t\t\t<img loading=\"lazy\" decoding=\"async\" src=\"https:\/\/vistacentre.ca\/wp-content\/uploads\/2019\/02\/rawpixel-786917-unsplash-1024x683.jpg\" alt=\"rawpixel-786917-unsplash\" itemprop=\"image\" height=\"683\" width=\"1024\" title=\"rawpixel-786917-unsplash\" onerror=\"this.style.display='none'\"  \/>\n\t\t\t\t<\/a>\n<h4><a href=\"https:\/\/vistacentre.ca\/fr\/ressources\/services-communautaires\/\" target=\"_self\" rel=\"noopener\">Services communautaires<\/a><\/h4>\t\t\n\t\t\t<p>Ressources locales disponibles dans la r\u00e9gion d&rsquo;Ottawa et ressources provinciales pour aider les personnes ayant des l\u00e9sions c\u00e9r\u00e9brales.<\/p>\n\t\t\t<a href=\"https:\/\/vistacentre.ca\/fr\/ressources\/services-communautaires\/\" target=\"_self\" role=\"button\" rel=\"noopener\">\n\t\t\t\t\t\t\tConsultez les ressources\n\t\t\t\t\t<\/a>\n\t\t\t\t<a href=\"https:\/\/vistacentre.ca\/fr\/ressources\/associations-pour-traumatises-craniens\/\" target=\"_self\" itemprop=\"url\" rel=\"noopener\">\n\t\t\t\t<img loading=\"lazy\" decoding=\"async\" src=\"https:\/\/vistacentre.ca\/wp-content\/uploads\/2019\/11\/2rightbraininjuryvleftbrain-1.jpg\" alt=\"2rightbraininjuryvleftbrain\" itemprop=\"image\" height=\"683\" width=\"1024\" title=\"2rightbraininjuryvleftbrain\" onerror=\"this.style.display='none'\"  \/>\n\t\t\t\t<\/a>\n<h4><a href=\"https:\/\/vistacentre.ca\/fr\/ressources\/associations-pour-traumatises-craniens\/\" target=\"_self\" rel=\"noopener\">ASSOCIATIONS DE L\u00c9SIONS C\u00c9R\u00c9BRALES<\/a><\/h4>\t\t\n\t\t\t<p>Associations locales, provinciales, nationales et internationales pour aider les personnes ayant une l\u00e9sion c\u00e9r\u00e9brale acquise.<\/p>\n\t\t\t<a href=\"https:\/\/vistacentre.ca\/fr\/ressources\/associations-pour-traumatises-craniens\/\" target=\"_self\" role=\"button\" rel=\"noopener\">\n\t\t\t\t\t\t\tConsultez les ressources\n\t\t\t\t\t<\/a>\n\t\t\t\t<a href=\"https:\/\/vistacentre.ca\/fr\/ressources\/entrainer-son-cerveau\/\" target=\"_self\" itemprop=\"url\" rel=\"noopener\">\n\t\t\t\t<img loading=\"lazy\" decoding=\"async\" src=\"https:\/\/vistacentre.ca\/wp-content\/uploads\/2019\/11\/2019-11-20_133159.jpg\" alt=\"2019-11-20_133159\" itemprop=\"image\" height=\"683\" width=\"1024\" title=\"2019-11-20_133159\" onerror=\"this.style.display='none'\"  \/>\n\t\t\t\t<\/a>\n<h4><a href=\"https:\/\/vistacentre.ca\/fr\/ressources\/entrainer-son-cerveau\/\" target=\"_self\" rel=\"noopener\">RESSOURCES SUR LES L\u00c9SIONS C\u00c9R\u00c9BRALES<\/a><\/h4>\t\t\n\t\t\t<p>Le CSVTC est fier d&rsquo;offrir un acc\u00e8s \u00e0 une s\u00e9rie d&rsquo;articles con\u00e7us pour am\u00e9liorer la compr\u00e9hension du domaine des l\u00e9sions c\u00e9r\u00e9brales.<\/p>\n\t\t\t<a href=\"https:\/\/vistacentre.ca\/fr\/ressources\/entrainer-son-cerveau\/\" target=\"_self\" role=\"button\" rel=\"noopener\">\n\t\t\t\t\t\t\tConsultez les ressources\n\t\t\t\t\t<\/a>\n\t\t\t\t<a href=\"https:\/\/vistacentre.ca\/resources\/government\/\" target=\"_self\" itemprop=\"url\" rel=\"noopener\">\n\t\t\t\t<img loading=\"lazy\" decoding=\"async\" src=\"https:\/\/vistacentre.ca\/wp-content\/uploads\/2019\/11\/2019-11-20_133353.jpg\" alt=\"2019-11-20_133353\" itemprop=\"image\" height=\"683\" width=\"1024\" title=\"2019-11-20_133353\" onerror=\"this.style.display='none'\"  \/>\n\t\t\t\t<\/a>\n<h4><a href=\"https:\/\/vistacentre.ca\/resources\/government\/\" target=\"_self\" rel=\"noopener\">Ressources gouvernementales<\/a><\/h4>\t\t\n\t\t\t<p>Le CSVTC fournit des articles du point de vue des survivants, de la famille et des amis, des professionnels et du grand public.<\/p>\n\t\t\t<a href=\"https:\/\/vistacentre.ca\/resources\/government\/\" target=\"_self\" role=\"button\" rel=\"noopener\">\n\t\t\t\t\t\t\tConsultez les ressources\n\t\t\t\t\t<\/a>\n    <a target=\"_blank\" href=\"https:\/\/www.ocsa.on.ca\/membership\" rel=\"noopener\"><img decoding=\"async\" src=\"https:\/\/vistacentre.ca\/wp-content\/uploads\/OCSA-Members-Badge.png\"\/><\/a>\n    <a target=\"_blank\" href=\"https:\/\/accreditation.ca\/\" rel=\"noopener\"><img decoding=\"async\" src=\"https:\/\/vistacentre.ca\/wp-content\/uploads\/Accreditation-Canada-Seal.png\"\/><\/a>\n\n","protected":false},"excerpt":{"rendered":"<p>Vid\u00e9os d&rsquo;int\u00e9r\u00eat Kevin Pearce &#8211; TEDx Une l\u00e9sion c\u00e9r\u00e9brale est comme une empreinte digitale, il n&rsquo;y en a pas deux pareils Ann Zuccardy &#8211; TEDx Comment une l\u00e9sion c\u00e9r\u00e9brale m&rsquo;a rendu plus intelligent Jill Bolte Taylor Mon coup de perspicacit\u00e9 Pekka Hyysalo &#8211; TEDx FightBack &#8211; mon r\u00e9tablissement apr\u00e8s un traumatisme cr\u00e2nien Services communautaires Ressources&hellip;<\/p>\n","protected":false},"author":2,"featured_media":0,"parent":27917,"menu_order":0,"comment_status":"closed","ping_status":"closed","template":"","meta":{"inline_featured_image":false,"footnotes":""},"class_list":["post-27930","page","type-page","status-publish","hentry"],"_links":{"self":[{"href":"https:\/\/vistacentre.ca\/fr\/wp-json\/wp\/v2\/pages\/27930","targetHints":{"allow":["GET"]}}],"collection":[{"href":"https:\/\/vistacentre.ca\/fr\/wp-json\/wp\/v2\/pages"}],"about":[{"href":"https:\/\/vistacentre.ca\/fr\/wp-json\/wp\/v2\/types\/page"}],"author":[{"embeddable":true,"href":"https:\/\/vistacentre.ca\/fr\/wp-json\/wp\/v2\/users\/2"}],"replies":[{"embeddable":true,"href":"https:\/\/vistacentre.ca\/fr\/wp-json\/wp\/v2\/comments?post=27930"}],"version-history":[{"count":0,"href":"https:\/\/vistacentre.ca\/fr\/wp-json\/wp\/v2\/pages\/27930\/revisions"}],"up":[{"embeddable":true,"href":"https:\/\/vistacentre.ca\/fr\/wp-json\/wp\/v2\/pages\/27917"}],"wp:attachment":[{"href":"https:\/\/vistacentre.ca\/fr\/wp-json\/wp\/v2\/media?parent=27930"}],"curies":[{"name":"wp","href":"https:\/\/api.w.org\/{rel}","templated":true}]}}