{"id":27837,"date":"2021-10-04T11:56:27","date_gmt":"2021-10-04T15:56:27","guid":{"rendered":"https:\/\/vistacentre.ca\/politiques-planification-et-evaluations\/"},"modified":"2024-11-18T14:17:42","modified_gmt":"2024-11-18T19:17:42","slug":"politiques-planification-et-evaluations","status":"publish","type":"page","link":"https:\/\/vistacentre.ca\/fr\/a-propos\/politiques-planification-et-evaluations\/","title":{"rendered":"Politiques, planification et \u00e9valuations"},"content":{"rendered":"\n\n\t<h1>Politiques, planification et \u00e9valuations<\/h1>\n\t<h2>Accords<\/h2>\n<p> <a href=\"https:\/\/vistacentre.ca\/wp-content\/uploads\/VCBIS-Multi-Sector-Service-Accountability-Agreement-2023-2024.pdf\" target=\"_blank\" rel=\"noopener\">Multi-Sector Accountability Agreement 2023-24<\/a><\/p>\n<p> <a href=\"https:\/\/vistacentre.ca\/wp-content\/uploads\/VCBIS-Multi-Sector-Service-Accountability-Agreement-Extension-Letter-2024-2025.pdf\" target=\"_blank\" rel=\"noopener\">Multi-Sector Service Accountability Agreement Extension Letter 2024-25<\/a><\/p>\n\t<h2>\u00c9tudes et sondages<\/h2>\n<p> <a href=\"\/wp-content\/uploads\/2020\/10\/Program-Evaluation-for-Van-Lang-Residence-Residents-Report.pdf\"> Program Evaluation for Van Lang Residence Residents Report<\/a><\/p>\n<p> <a href=\"https:\/\/vistacentre.ca\/wp-content\/uploads\/2020\/10\/Program-Evaluation-for-Significant-Others-Van-Lang-Residence-Report.pdf\"> Program Evaluation for Significant Others (Van Lang Residence) Report<\/a><\/p>\n<p> <a href=\"https:\/\/vistacentre.ca\/wp-content\/uploads\/2020\/10\/Personal-Support-Independence-Training-Client-Satisfaction-Survey-Report.pdf\"> Personal Support Independence Training Client Satisfaction Survey Report<\/a><\/p>\n <a href=\"https:\/\/vistacentre.ca\/wp-content\/uploads\/2020\/10\/PSIT-Program-Evaluation-Main-Messages-and-Executive-Summary.pdf\"> PSIT Program Evaluation Main Messages and Executive Summary<br \/>\n<\/a>\n<p> <a href=\"https:\/\/vistacentre.ca\/wp-content\/uploads\/2020\/10\/PSIT-Program-Evaluation-June-2019.pdf\"> PSIT Program Evaluation &#8211; June 2019<\/a><\/p>\n<p> <a href=\"https:\/\/vistacentre.ca\/wp-content\/uploads\/2020\/10\/VISTA_Research_Poster_fnl.pdf\"> VISTA Research Poster <\/a><\/p>\n\t<h2>Planification strat\u00e9gique et op\u00e9rationnelle<\/h2>\n<p> <a href=\"https:\/\/vistacentre.ca\/wp-content\/uploads\/VCBIS-Strategic-Planning-2023-Summary-of-Issues.pdf\" target=\"_blank\" rel=\"noopener\">Strategic Planning 2023 Summary of Issues<\/a><\/p>\n<p> <a href=\"https:\/\/vistacentre.ca\/wp-content\/uploads\/VCBIS-Strategic-Plan-2024-2027.pdf\" target=\"_blank\" rel=\"noopener\">Strategic Plan 2024-2027<\/a><\/p>\n<p> <a href=\"https:\/\/vistacentre.ca\/wp-content\/uploads\/VCBIS-Strategic-Plan-at-a-Glance-2024-2027.pdf\" target=\"_blank\" rel=\"noopener\">Strategic Plan at a Glance 2024-2027<\/a><\/p>\n<p> <a href=\"https:\/\/vistacentre.ca\/wp-content\/uploads\/VCBIS-Operational-Plan-2023-2024-2025.pdf\" target=\"_blank\" rel=\"noopener\">Operational Plan (2023) &#8211; 2024-2025<\/a><\/p>\n\t<h2>Politiques<\/h2>\n <a href=\"\/wp-content\/uploads\/2020\/10\/Policy-Statement.pdf\"> Policy Statement<\/a><br \/>\n <a href=\"https:\/\/vistacentre.ca\/wp-content\/uploads\/2020\/10\/2020-VCBIS-Ethics-Framework-final.pdf\">Ethics Framework<\/a><br \/>\n <a href=\"\/wp-content\/uploads\/2020\/10\/Ethics-Resource-Kit-VCBIS-2020.pdf\">Ethics resource Kit <\/a><br \/>\n <a href=\"\/wp-content\/uploads\/2020\/10\/AODA-Integrated-Accessibility-Standards-Regulation.pdf\">Accessibility Standards Regulations <\/a>\n\t<h2>Bilan annuel en cours<\/h2>\n <a href=\"https:\/\/vistacentre.ca\/wp-content\/uploads\/VCBIS-Year-in-Review-2023.pdf\" target=\"_blank\" rel=\"noopener\" data-uw-rm-brl=\"false\">2023 Year in Review<\/a><br \/>\n <a href=\"https:\/\/vistacentre.ca\/wp-content\/uploads\/VCBIS-Year-in-Review-2022.pdf\" target=\"_blank\" rel=\"noopener\" data-uw-rm-brl=\"false\">2022 Year in Review<\/a>\n\t\t\t\t<a href=\"https:\/\/vistacentre.ca\/fr\/a-propos\/rejoignez-nous\/\" target=\"_self\" itemprop=\"url\" rel=\"noopener\">\n\t\t\t\t<img loading=\"lazy\" decoding=\"async\" src=\"https:\/\/vistacentre.ca\/wp-content\/uploads\/2019\/06\/thumb-career.jpg\" alt=\"Careers at VCBIS\" itemprop=\"image\" height=\"342\" width=\"512\" title=\"Careers at VCBIS\" onerror=\"this.style.display='none'\"  \/>\n\t\t\t\t<\/a>\n<h4><a href=\"https:\/\/vistacentre.ca\/fr\/a-propos\/rejoignez-nous\/\" target=\"_self\" rel=\"noopener\">CARRI\u00c8RES<\/a><\/h4><p>Le CSVTC est toujours \u00e0 la recherche de joueurs d&rsquo;\u00e9quipe attentionn\u00e9s qui ont un int\u00e9r\u00eat de carri\u00e8re reli\u00e9 aux traumastimes cr\u00e2niens.<\/p>\n\t\t\t<a href=\"https:\/\/vistacentre.ca\/fr\/a-propos\/rejoignez-nous\/\" target=\"_self\" rel=\"noopener\">\n\t\t\t\t\t\t\tEn savoir plus\n\t\t\t\t\t<\/a>\n\t\t\t\t<a href=\"https:\/\/vistacentre.ca\/fr\/etudiants\/\" target=\"_self\" itemprop=\"url\" rel=\"noopener\">\n\t\t\t\t<img loading=\"lazy\" decoding=\"async\" src=\"https:\/\/vistacentre.ca\/wp-content\/uploads\/2019\/06\/thumb-students.jpg\" alt=\"Careers at VCBIS\" itemprop=\"image\" height=\"342\" width=\"512\" title=\"Careers at VCBIS\" onerror=\"this.style.display='none'\"  \/>\n\t\t\t\t<\/a>\n<h4><a href=\"https:\/\/vistacentre.ca\/fr\/etudiants\/\" target=\"_self\" rel=\"noopener\">\u00c9TUDIANTS<\/a><\/h4><p>Nous sommes fiers d&rsquo;avoir l&rsquo;occasion de jouer un r\u00f4le significatif li\u00e9 au travail et exp\u00e9rience scolaire des \u00e9tudiants qui nous c\u00f4toient.<\/p>\n\t\t\t<a href=\"https:\/\/vistacentre.ca\/fr\/etudiants\/\" target=\"_self\" rel=\"noopener\">\n\t\t\t\t\t\t\tEn savoir plus\n\t\t\t\t\t<\/a>\n\t\t\t\t<a href=\"https:\/\/vistacentre.ca\/fr\/benevolat\/\" target=\"_self\" itemprop=\"url\" rel=\"noopener\">\n\t\t\t\t<img loading=\"lazy\" decoding=\"async\" src=\"https:\/\/vistacentre.ca\/wp-content\/uploads\/2019\/06\/thumb-volunteer.jpg\" alt=\"Volunteer at the VCBIS\" itemprop=\"image\" height=\"342\" width=\"512\" title=\"Volunteer at the VCBIS\" onerror=\"this.style.display='none'\"  \/>\n\t\t\t\t<\/a>\n<h4><a href=\"https:\/\/vistacentre.ca\/fr\/benevolat\/\" target=\"_self\" rel=\"noopener\">B\u00c9N\u00c9VOLE<\/a><\/h4><p>Le CSVTC offre aux b\u00e9n\u00e9voles des occasions stimulantes qui correspondent \u00e0 leurs comp\u00e9tences et int\u00e9r\u00eats.<\/p>\n\t\t\t<a href=\"https:\/\/vistacentre.ca\/fr\/benevolat\/\" target=\"_self\" rel=\"noopener\">\n\t\t\t\t\t\t\tEn savoir plus\n\t\t\t\t\t<\/a>\n\t\t\t\t<a href=\"https:\/\/vistacentre.ca\/fr\/dons\/\" target=\"_self\" itemprop=\"url\" rel=\"noopener\">\n\t\t\t\t<img loading=\"lazy\" decoding=\"async\" src=\"https:\/\/vistacentre.ca\/wp-content\/uploads\/2019\/06\/thumb-donations.jpg\" alt=\"Donate to VCBIS\" itemprop=\"image\" height=\"342\" width=\"512\" title=\"Donate to VCBIS\" onerror=\"this.style.display='none'\"  \/>\n\t\t\t\t<\/a>\n<h4><a href=\"https:\/\/vistacentre.ca\/fr\/dons\/\" target=\"_self\" rel=\"noopener\">FAITES UN DON<\/a><\/h4><p>Le CSVTC compte sur les dons de soci\u00e9t\u00e9s et de particuliers pour enrichir la vie de ses clients.<\/p>\n\t\t\t<a href=\"https:\/\/vistacentre.ca\/fr\/dons\/\" target=\"_self\" rel=\"noopener\">\n\t\t\t\t\t\t\tEn savoir plus\n\t\t\t\t\t<\/a>\n    <a target=\"_blank\" href=\"https:\/\/www.ocsa.on.ca\/membership\" rel=\"noopener\"><img decoding=\"async\" src=\"https:\/\/vistacentre.ca\/wp-content\/uploads\/OCSA-Members-Badge.png\"\/><\/a>\n    <a target=\"_blank\" href=\"https:\/\/accreditation.ca\/\" rel=\"noopener\"><img decoding=\"async\" src=\"https:\/\/vistacentre.ca\/wp-content\/uploads\/Accreditation-Canada-Seal.png\"\/><\/a>\n\n","protected":false},"excerpt":{"rendered":"<p>Politiques, planification et \u00e9valuations Accords Multi-Sector Accountability Agreement 2023-24 Multi-Sector Service Accountability Agreement Extension Letter 2024-25 \u00c9tudes et sondages Program Evaluation for Van Lang Residence Residents Report Program Evaluation for Significant Others (Van Lang Residence) Report Personal Support Independence Training Client Satisfaction Survey Report PSIT Program Evaluation Main Messages and Executive Summary PSIT Program Evaluation&hellip;<\/p>\n","protected":false},"author":2,"featured_media":0,"parent":27763,"menu_order":12,"comment_status":"closed","ping_status":"closed","template":"","meta":{"inline_featured_image":false,"footnotes":""},"class_list":["post-27837","page","type-page","status-publish","hentry"],"_links":{"self":[{"href":"https:\/\/vistacentre.ca\/fr\/wp-json\/wp\/v2\/pages\/27837","targetHints":{"allow":["GET"]}}],"collection":[{"href":"https:\/\/vistacentre.ca\/fr\/wp-json\/wp\/v2\/pages"}],"about":[{"href":"https:\/\/vistacentre.ca\/fr\/wp-json\/wp\/v2\/types\/page"}],"author":[{"embeddable":true,"href":"https:\/\/vistacentre.ca\/fr\/wp-json\/wp\/v2\/users\/2"}],"replies":[{"embeddable":true,"href":"https:\/\/vistacentre.ca\/fr\/wp-json\/wp\/v2\/comments?post=27837"}],"version-history":[{"count":0,"href":"https:\/\/vistacentre.ca\/fr\/wp-json\/wp\/v2\/pages\/27837\/revisions"}],"up":[{"embeddable":true,"href":"https:\/\/vistacentre.ca\/fr\/wp-json\/wp\/v2\/pages\/27763"}],"wp:attachment":[{"href":"https:\/\/vistacentre.ca\/fr\/wp-json\/wp\/v2\/media?parent=27837"}],"curies":[{"name":"wp","href":"https:\/\/api.w.org\/{rel}","templated":true}]}}