{"id":27827,"date":"2021-09-30T15:25:51","date_gmt":"2021-09-30T19:25:51","guid":{"rendered":"https:\/\/vistacentre.ca\/ressources-sur-les-lesions-cerebrales-acquises-pour-les-enfants\/"},"modified":"2021-10-06T14:45:53","modified_gmt":"2021-10-06T18:45:53","slug":"ressources-sur-les-lesions-cerebrales-acquises-pour-les-enfants","status":"publish","type":"page","link":"https:\/\/vistacentre.ca\/fr\/ressources\/ressources-sur-les-lesions-cerebrales-acquises-pour-les-enfants\/","title":{"rendered":"Ressources sur les l\u00e9sions c\u00e9r\u00e9brales acquises pour les enfants"},"content":{"rendered":"\n\n\t<h1>Acquired Brain Injury Resources for Kids<\/h1>\n\t\t<h4><a href=\"http:\/\/kidshealth.org\/kid\/htbw\/brain.html\" target=\"_blank\" rel=\"noopener\">Kidshealth.org<\/a><\/h4>\t\t\n\t\t\t<p>If you&rsquo;re looking for information you can trust about kids and teens that&rsquo;s free of \u00ab\u00a0doctor speak,\u00a0\u00bb you&rsquo;ve come to the right place. KidsHealth is the most-visited site on the Web for information about health, behaviour, and development from before birth through the teen years.<\/p>\n\t\t\t<a href=\"http:\/\/kidshealth.org\/kid\/htbw\/brain.html\" target=\"_blank\" role=\"button\" rel=\"noopener\">\n\t\t\t\t\t\t\tView Website\n\t\t\t\t\t<\/a>\n\t\t<h4><a href=\"https:\/\/www.brainline.org\/children-tbi\" target=\"_blank\" rel=\"noopener\">Brainline.org for Kids<\/a><\/h4>\t\t\n\t\t\t<p>BrainLine is a national multimedia project offering authoritative information and support to anyone whose life has been affected by brain injury or PTSD: people with brain injuries, their family and friends, and the professionals who work with them.<\/p>\n\t\t\t<a href=\"https:\/\/www.brainline.org\/children-tbi\" target=\"_blank\" role=\"button\" rel=\"noopener\">\n\t\t\t\t\t\t\tView Website\n\t\t\t\t\t<\/a>\n<h2>\n\t\t<h1>Articles<\/h1>\n\t<\/h2>\n\t\t\t\t<a href=\"https:\/\/vistacentre.ca\/fr\/articles-csvtc\/articles-a-lintention-de-la-famille\/\" target=\"_self\" itemprop=\"url\" rel=\"noopener\">\n\t\t\t\t<img loading=\"lazy\" decoding=\"async\" src=\"https:\/\/vistacentre.ca\/wp-content\/uploads\/2019\/02\/rawpixel-786917-unsplash-300x200.jpg\" alt=\"rawpixel-786917-unsplash\" itemprop=\"image\" height=\"200\" width=\"300\" title=\"rawpixel-786917-unsplash\" onerror=\"this.style.display='none'\"  \/>\n\t\t\t\t<\/a>\n<h4><a href=\"https:\/\/vistacentre.ca\/fr\/articles-csvtc\/articles-a-lintention-de-la-famille\/\" target=\"_self\" rel=\"noopener\">FOR FAMILIES<\/a><\/h4>\t\t\n\t\t\t<a href=\"https:\/\/vistacentre.ca\/fr\/articles-csvtc\/articles-a-lintention-de-la-famille\/\" target=\"_self\" role=\"button\" rel=\"noopener\">\n\t\t\t\t\t\t\tView articles\n\t\t\t\t\t<\/a>\n\t\t\t\t<a href=\"https:\/\/vistacentre.ca\/fr\/ressources\/videos-dinteret\/\" target=\"_self\" itemprop=\"url\" rel=\"noopener\">\n\t\t\t\t<img loading=\"lazy\" decoding=\"async\" src=\"https:\/\/vistacentre.ca\/wp-content\/uploads\/2019\/11\/2019-11-20_135350-300x200.jpg\" alt=\"2019-11-20_135350\" itemprop=\"image\" height=\"200\" width=\"300\" title=\"2019-11-20_135350\" onerror=\"this.style.display='none'\"  \/>\n\t\t\t\t<\/a>\n<h4><a href=\"https:\/\/vistacentre.ca\/fr\/ressources\/videos-dinteret\/\" target=\"_self\" rel=\"noopener\">FOR SURVIVORS<\/a><\/h4>\t\t\n\t\t\t<a href=\"https:\/\/vistacentre.ca\/fr\/ressources\/videos-dinteret\/\" target=\"_self\" role=\"button\" rel=\"noopener\">\n\t\t\t\t\t\t\tView articles\n\t\t\t\t\t<\/a>\n\t\t\t\t<a href=\"https:\/\/vistacentre.ca\/fr\/ressources\/ressources-sur-les-lesions-cerebrales-acquises-pour-les-enfants\/\" target=\"_self\" itemprop=\"url\" rel=\"noopener\">\n\t\t\t\t<img loading=\"lazy\" decoding=\"async\" src=\"https:\/\/vistacentre.ca\/wp-content\/uploads\/2019\/11\/family-support-300x200.jpg\" alt=\"family-support\" itemprop=\"image\" height=\"200\" width=\"300\" title=\"family-support\" onerror=\"this.style.display='none'\"  \/>\n\t\t\t\t<\/a>\n<h4><a href=\"https:\/\/vistacentre.ca\/fr\/ressources\/ressources-sur-les-lesions-cerebrales-acquises-pour-les-enfants\/\" target=\"_self\" rel=\"noopener\">FOR KIDS<\/a><\/h4>\t\t\n\t\t\t<a href=\"https:\/\/vistacentre.ca\/fr\/ressources\/ressources-sur-les-lesions-cerebrales-acquises-pour-les-enfants\/\" target=\"_self\" role=\"button\" rel=\"noopener\">\n\t\t\t\t\t\t\tView articles\n\t\t\t\t\t<\/a>\n\t\t\t\t<a href=\"https:\/\/vistacentre.ca\/fr\/articles-csvtc\/a-lintention-des-professionnels\/\" target=\"_self\" itemprop=\"url\" rel=\"noopener\">\n\t\t\t\t<img loading=\"lazy\" decoding=\"async\" src=\"https:\/\/vistacentre.ca\/wp-content\/uploads\/2019\/06\/independance-living-300x200.jpg\" alt=\"independance-living\" itemprop=\"image\" height=\"200\" width=\"300\" title=\"independance-living\" onerror=\"this.style.display='none'\"  \/>\n\t\t\t\t<\/a>\n<h4><a href=\"https:\/\/vistacentre.ca\/fr\/articles-csvtc\/a-lintention-des-professionnels\/\" target=\"_self\" rel=\"noopener\">PROFESSIONALS<\/a><\/h4>\t\t\n\t\t\t<a href=\"https:\/\/vistacentre.ca\/fr\/articles-csvtc\/a-lintention-des-professionnels\/\" target=\"_self\" role=\"button\" rel=\"noopener\">\n\t\t\t\t\t\t\tView articles\n\t\t\t\t\t<\/a>\n<img decoding=\"async\" src=\"https:\/\/vistacentre.ca\/wp-content\/uploads\/\/2020\/09\/footer-logo.svg\" \/> <a target=\"_blank\" href=\"https:\/\/www.ocsa.on.ca\/membership\" rel=\"noopener\"><img decoding=\"async\" src=\"https:\/\/irp-cdn.multiscreensite.com\/9100a73e\/dms3rep\/multi\/ocsa-members-badge_full.svg\" width=\"80px\"\/><\/a>\n\n","protected":false},"excerpt":{"rendered":"<p>Acquired Brain Injury Resources for Kids Kidshealth.org If you&rsquo;re looking for information you can trust about kids and teens that&rsquo;s free of \u00ab\u00a0doctor speak,\u00a0\u00bb you&rsquo;ve come to the right place. KidsHealth is the most-visited site on the Web for information about health, behaviour, and development from before birth through the teen years. View Website Brainline.org&hellip;<\/p>\n","protected":false},"author":2,"featured_media":0,"parent":27917,"menu_order":3,"comment_status":"closed","ping_status":"closed","template":"","meta":{"inline_featured_image":false,"footnotes":""},"class_list":["post-27827","page","type-page","status-publish","hentry"],"_links":{"self":[{"href":"https:\/\/vistacentre.ca\/fr\/wp-json\/wp\/v2\/pages\/27827","targetHints":{"allow":["GET"]}}],"collection":[{"href":"https:\/\/vistacentre.ca\/fr\/wp-json\/wp\/v2\/pages"}],"about":[{"href":"https:\/\/vistacentre.ca\/fr\/wp-json\/wp\/v2\/types\/page"}],"author":[{"embeddable":true,"href":"https:\/\/vistacentre.ca\/fr\/wp-json\/wp\/v2\/users\/2"}],"replies":[{"embeddable":true,"href":"https:\/\/vistacentre.ca\/fr\/wp-json\/wp\/v2\/comments?post=27827"}],"version-history":[{"count":0,"href":"https:\/\/vistacentre.ca\/fr\/wp-json\/wp\/v2\/pages\/27827\/revisions"}],"up":[{"embeddable":true,"href":"https:\/\/vistacentre.ca\/fr\/wp-json\/wp\/v2\/pages\/27917"}],"wp:attachment":[{"href":"https:\/\/vistacentre.ca\/fr\/wp-json\/wp\/v2\/media?parent=27827"}],"curies":[{"name":"wp","href":"https:\/\/api.w.org\/{rel}","templated":true}]}}