{"id":27818,"date":"2021-09-30T15:20:49","date_gmt":"2021-09-30T19:20:49","guid":{"rendered":"https:\/\/vistacentre.ca\/nous-joindre\/"},"modified":"2022-12-12T07:48:42","modified_gmt":"2022-12-12T12:48:42","slug":"nous-joindre","status":"publish","type":"page","link":"https:\/\/vistacentre.ca\/fr\/nous-joindre\/","title":{"rendered":"Nous joindre"},"content":{"rendered":"\n\n\t<h2>Emplacements du Centre de services Vista<\/h2>\n\t<h4>SERVICES R\u00c9SIDENTIELS (OTTAWA)<\/h4>\t\t\n\t\t\t<a href=\"https:\/\/www.google.ca\/maps?daddr=107-31+Van+Lang+Private,+Ottawa,+Ontario,+K1Z+1A4&amp;hl=en\">31 Van Lang Private<\/a><br \/>\nBureau 107<br \/>\nOttawa, Ontario<br \/>\nK1Z 1A4<br \/>\n<strong>Tel<\/strong> : 613-729-9379\n\t<h4>SERVICES R\u00c9SIDENTIELS (PLANTAGENET)<\/h4>\t\t\n\t\t\t<p><a href=\"https:\/\/goo.gl\/maps\/tXJaVaSEYVvn5kE77\" target=\"_blank\" rel=\"noopener\" data-uw-rm-brl=\"false\" aria-label=\"760 Station Street - opens in new tab\" data-uw-rm-ext-link=\"\">760 rue Station<\/a><br role=\"presentation\" data-uw-rm-sr=\"\" \/>Plantagenet, Ontario<br role=\"presentation\" data-uw-rm-sr=\"\" \/>K0B 1L0<br role=\"presentation\" data-uw-rm-sr=\"\" \/>Situ\u00e9 au sein de la R\u00e9sidence Quatre Saisons<br role=\"presentation\" data-uw-rm-sr=\"\" \/><strong>Tel :<\/strong> 613-673-3181<\/p>\n\t<h4>SERVICES DE JOUR \u00c0 CORNWALL<\/h4>\t\t\n\t\t\t<a href=\"https:\/\/goo.gl\/maps\/XcUJ6ZTi7wgLSpKM6\">55 rue Water<\/a><br \/>\nBureau 50<br \/>\nCornwall, Ontario<br \/>\nK6J 1A1<br \/>\n<strong>Tel<\/strong> : 343-885-8451\n\t\t\t\t\t\t\t\t<a href=\"https:\/\/goo.gl\/maps\/6AUcfoxJBq6xU3629\" target=\"_self\" rel=\"noopener\">\n\t\t\t\t\t\t<\/a>\n\t<h4><a href=\"https:\/\/goo.gl\/maps\/6AUcfoxJBq6xU3629\" target=\"_self\" rel=\"noopener\">SERVICE DE JOUR \u00c0 OTTAWA<\/a><\/h4>\t\t\n\t\t\t<p><a href=\"https:\/\/www.google.com\/maps\/place\/214+Bronson+Ave,+Ottawa,+ON+K1R+6H8\/@45.4129163,-75.7090708,17z\/data=!3m1!4b1!4m5!3m4!1s0x4cce044de72b4f7b:0x7232d88c71e4001e!8m2!3d45.4129163!4d-75.7068821?sa=X&amp;ved=2ahUKEwiQ6bmF8sPiAhXMneAKHbEzAVAQ8gEwAHoECAkQAQ&amp;shorturl=1\" target=\"_blank\" rel=\"noopener\">99-211 avenue Bronson<\/a><br role=\"presentation\" data-uw-rm-sr=\"\" \/>Ottawa, Ontario<br role=\"presentation\" data-uw-rm-sr=\"\" \/>K1R 6H5<br role=\"presentation\" data-uw-rm-sr=\"\" \/><strong>Tel :\u00a0<\/strong>613-234-4747 ext. 149<\/p>\n\t<h4>SOUTIEN \u00c0 LA PERSONNE<\/h4>\t\t\n\t\t\t<a href=\"https:\/\/goo.gl\/maps\/LuZRvbPkNsiPZDxq6\">214-211 avenue Bronson<\/a><br \/>\nOttawa, Ontario<br \/>\nK1R 6H5<br \/>\nBureau de l&rsquo;administration<br \/>\n<strong>VCBIS T\u00e9<\/strong>l : 343-551-7266<br \/>\n<strong>Tel<\/strong> : 613-234-4747<br \/>\n<strong>Fax<\/strong> : 613-234-3625\n\t<h2>Nous joindre<\/h2>\n<p>Consultez la <a href=\"https:\/\/vistacentre.ca\/fr\/procedure-de-plainte\/\">proc\u00e9dure de plainte<\/a><\/p>\n    <a target=\"_blank\" href=\"https:\/\/www.ocsa.on.ca\/membership\" rel=\"noopener\"><img decoding=\"async\" src=\"https:\/\/vistacentre.ca\/wp-content\/uploads\/OCSA-Members-Badge.png\"\/><\/a>\n    <a target=\"_blank\" href=\"https:\/\/accreditation.ca\/\" rel=\"noopener\"><img decoding=\"async\" src=\"https:\/\/vistacentre.ca\/wp-content\/uploads\/Accreditation-Canada-Seal.png\"\/><\/a>\n\n","protected":false},"excerpt":{"rendered":"<p>Emplacements du Centre de services Vista SERVICES R\u00c9SIDENTIELS (OTTAWA) 31 Van Lang Private Bureau 107 Ottawa, Ontario K1Z 1A4 Tel : 613-729-9379 SERVICES R\u00c9SIDENTIELS (PLANTAGENET) 760 rue StationPlantagenet, OntarioK0B 1L0Situ\u00e9 au sein de la R\u00e9sidence Quatre SaisonsTel : 613-673-3181 SERVICES DE JOUR \u00c0 CORNWALL 55 rue Water Bureau 50 Cornwall, Ontario K6J 1A1 Tel :&hellip;<\/p>\n","protected":false},"author":2,"featured_media":0,"parent":0,"menu_order":9,"comment_status":"closed","ping_status":"closed","template":"","meta":{"inline_featured_image":false,"footnotes":""},"class_list":["post-27818","page","type-page","status-publish","hentry"],"_links":{"self":[{"href":"https:\/\/vistacentre.ca\/fr\/wp-json\/wp\/v2\/pages\/27818","targetHints":{"allow":["GET"]}}],"collection":[{"href":"https:\/\/vistacentre.ca\/fr\/wp-json\/wp\/v2\/pages"}],"about":[{"href":"https:\/\/vistacentre.ca\/fr\/wp-json\/wp\/v2\/types\/page"}],"author":[{"embeddable":true,"href":"https:\/\/vistacentre.ca\/fr\/wp-json\/wp\/v2\/users\/2"}],"replies":[{"embeddable":true,"href":"https:\/\/vistacentre.ca\/fr\/wp-json\/wp\/v2\/comments?post=27818"}],"version-history":[{"count":0,"href":"https:\/\/vistacentre.ca\/fr\/wp-json\/wp\/v2\/pages\/27818\/revisions"}],"wp:attachment":[{"href":"https:\/\/vistacentre.ca\/fr\/wp-json\/wp\/v2\/media?parent=27818"}],"curies":[{"name":"wp","href":"https:\/\/api.w.org\/{rel}","templated":true}]}}