{"id":27780,"date":"2021-09-30T14:00:21","date_gmt":"2021-09-30T18:00:21","guid":{"rendered":"https:\/\/vistacentre.ca\/a-propos\/soins-centres-sur-la-personne-et-la-famille-scpf\/"},"modified":"2024-10-25T10:40:50","modified_gmt":"2024-10-25T14:40:50","slug":"soins-centres-sur-la-personne-et-la-famille-scpf","status":"publish","type":"page","link":"https:\/\/vistacentre.ca\/fr\/a-propos\/soins-centres-sur-la-personne-et-la-famille-scpf\/","title":{"rendered":"Soins centr\u00e9s sur la personne et la famille (SCPF)"},"content":{"rendered":"\n\n\t<h1>Soins centr\u00e9s sur la personne et la famille (SCPF)<\/h1>\n<p>En 2016, le Centre de services Vista pour traumatis\u00e9s cr\u00e2niens (CSVTC) a d\u00e9cid\u00e9 de faire des soins centr\u00e9s sur la personne et la famille (SCPF) le fondement et le but principal de l&rsquo;organisme. <\/p>\n<p>Afin d&rsquo;am\u00e9liorer la qualit\u00e9 des soins et la s\u00e9curit\u00e9, le CSVTC reconna\u00eet l&rsquo;importance d&rsquo;inclure le point de vue des participants et des familles. L&rsquo;exp\u00e9rience des soins, telle que per\u00e7ue par le participant et sa famille, est un facteur cl\u00e9 de la qualit\u00e9 et de la s\u00e9curit\u00e9 des soins prodigu\u00e9s.<\/p>\n<p>Int\u00e9grer les points de vue des participants et des familles directement \u00e0 la planification, \u00e0 la prestation et \u00e0 l&rsquo;\u00e9valuation des services et, par cons\u00e9quent, \u00e0 l&rsquo;am\u00e9lioration de leur qualit\u00e9 et de leur s\u00e9curit\u00e9, voil\u00e0 ce que fait le CSVTC au moyen des SCPF. <\/p>\n\t<h1>L&rsquo;approche SCPF<\/h1>\n<p>L&rsquo;approche SCPF comprend de la planification, de la prestation et de l&rsquo;\u00e9valuation des soins de sant\u00e9 fond\u00e9e sur des partenariats mutuellement avantageux entre les participants, les familles et les fournisseurs de soins de sant\u00e9. Elle est fond\u00e9e sur la compr\u00e9hension que la famille joue un r\u00f4le vital pour assurer la sant\u00e9 et le bien-\u00eatre des participants de tous \u00e2ges. Dans les soins ax\u00e9s sur les participants et la famille, les participants et les familles d\u00e9finissent leur \u00ab famille \u00bb et d\u00e9terminent comment ils participeront aux soins et \u00e0 la prise de d\u00e9cisions.<\/p>\n\t<h1>Qu&rsquo;entend-on par \u00ab <em>famille<\/em>\u00bb ?<\/h1>\n<p>On entend par le mot famille, le sens large : personne ou personnes qui sont apparent\u00e9es de quelque fa\u00e7on que ce soit (biologiquement, l\u00e9galement ou \u00e9motionnellement), y compris les membres de la famille imm\u00e9diate et d&rsquo;autres personnes du r\u00e9seau de soutien du participant. La famille comprend la famille \u00e9largie du participant, ses partenaires, ses amis, ses d\u00e9fenseurs, ses tuteurs et d&rsquo;autres personnes. Le participant d\u00e9finit la composition de sa famille et a le droit d&rsquo;inclure ou non des membres de sa famille dans ses soins et de red\u00e9finir la composition de sa famille au fil du temps.<\/p>\n\t<p><strong>Commen s&rsquo;impliquer ?<\/strong><\/p>\n<p><em>Les personnes int\u00e9ress\u00e9es \u00e0 participer au comit\u00e9 directeur du SCPF doivent communiquer avec le CSVTC par t\u00e9l\u00e9phone au <a href=\"tel:6132344747\">613-234-4747<\/a> ou par courriel \u00e0 <a href=\"mailto:info@vistacentre.ca\">info@vistacentre.ca<\/a>.<\/em><\/p>\n<p><em>Les personnes qui prennent contact pour exprimer l&rsquo;int\u00e9r\u00eat envers l&rsquo;approche SCPF seront invit\u00e9es \u00e0 assister \u00e0 une s\u00e9ance d&rsquo;information, et \u00e0 partir de l\u00e0, un groupe de travail informel sera form\u00e9. (selon la disponibilit\u00e9 des membres au sein du groupe de travail actuel du SCPF).<\/em><\/p>\n<p><em>Le groupe de travail du SCPF est compos\u00e9 de participants\/conseillers familiaux et de membres du personnel qui ont exprim\u00e9 leur int\u00e9r\u00eat \u00e0 participer aux initiatives du groupe de travail SCPF.<\/em><\/p>\n\t\t\t\t\t\t\t\t<a href=\"\/wp-content\/uploads\/VCBIS-Person-Family-Centered-Care-Action-Plan-2024.pdf\" target=\"_blank\" rel=\"noopener\">\n\t\t\t\t\t\t<\/a>\n\t\t<h4><a href=\"\/wp-content\/uploads\/VCBIS-Person-Family-Centered-Care-Action-Plan-2024.pdf\" target=\"_blank\" rel=\"noopener\">T\u00c9L\u00c9CHARGER LE PLAN D&rsquo;ACTION (Veuillez noter que le document est disponible en anglais seulement).<\/a><\/h4>\n\t\t\t<a href=\"\/wp-content\/uploads\/VCBIS-Person-Family-Centered-Care-Action-Plan-2024.pdf\" target=\"_blank\" rel=\"noopener\">\n\t\t\t\t\t\t\tT\u00e9l\u00e9charger\n\t\t\t\t\t<\/a>\n\t<h1>Les quatres principes des soins centr\u00e9s sur la personne et la famille (SCPF)<\/h1>\n\t<strong>Dignit\u00e9e et respect<\/strong><br \/>\nLes fournisseurs de soins de sant\u00e9 \u00e9coutent et honorent les perspectives et les choix des participants et des familles. Les connaissances, les valeurs, les croyances et les ant\u00e9c\u00e9dents culturels des participants et des familles sont int\u00e9gr\u00e9s \u00e0 la planification des soins et \u00e0 la prise de d\u00e9cisions.\n\t<strong>Partage de l&rsquo;information<\/strong><br \/>\nLes fournisseurs de soins de sant\u00e9 communiquent et partagent de l&rsquo;information compl\u00e8te et impartiale avec les participants et les familles d&rsquo;une mani\u00e8re qui est affirm\u00e9e et utile.\n<p>Les participants et les familles re\u00e7oivent en temps opportun des renseignements complets et exacts afin de participer efficacement aux soins et \u00e0 la prise de d\u00e9cisions.<\/p>\n\t<strong>Participation<\/strong><br \/>\nLes fournisseurs de soins de sant\u00e9 communiquent et partagent de l&rsquo;information compl\u00e8te et impartiale avec les participants et les familles d&rsquo;une mani\u00e8re qui est affirm\u00e9e et utile.\n<p>Les participants et les familles re\u00e7oivent en temps opportun des renseignements complets et exacts afin de participer efficacement aux soins et \u00e0 la prise de d\u00e9cisions.<\/p>\n\t<strong>Collaboration<\/strong><br \/>\nCollaboration Les participants, les familles et les fournisseurs collaborent \u00e0 l&rsquo;\u00e9laboration, \u00e0 la mise en \u0153uvre et \u00e0 l&rsquo;\u00e9valuation des politiques et des programmes, \u00e0 la conception des \u00e9tablissements de soins de sant\u00e9, \u00e0 la formation professionnelle et \u00e0 la prestation des soins.\n\t<h1>B\u00e9n\u00e9fices des quatres principes<\/h1>\n\t<ul>\n<li>Meilleure qualit\u00e9 des soins (selon les fournisseurs et les participants)<\/li>\n<li>Satisfaction accrue des participants et de la famille<\/li>\n<li>Moins de conflits\/plaintes, malentendus<\/li>\n<li>Accroissement de l&rsquo;autonomie des participants en mati\u00e8re d&rsquo;autogestion<\/li>\n<li>Am\u00e9lioration des r\u00e9sultats fonctionnels des participants (p. ex., bien-\u00eatre \u00e9motionnel, autonomie)<\/li>\n<li>Participation accrue de la famille et des syst\u00e8mes de soutien<\/li>\n<li>Accroissement du respect des plans de soins et de soutien.<\/li>\n<\/ul>\n\t<p><strong>Le CSVTC sollicitera activement la participation des participants et des familles \u00e0 un comit\u00e9 directeur\/groupe de travail du PFCC et agira \u00e0 titre de participant ou de conseiller familial.<\/strong><\/p>\n\t<h1>Qu&rsquo;est-ce qu&rsquo;un participant et comment une famille joue le r\u00f4le de conseiller ?<\/h1>\n\t<p>Un conseiller est un participant ou un membre de la famille qui a eu recours aux services de l&rsquo;organisme. On lui a demand\u00e9 de devenir un partenaire qui fournit des commentaires directs et exerce une influence sur les politiques, les programmes et les pratiques touchant les soins et les services aux participants et familles.<\/p>\n\t\t\t\t\t\t\t\t<a href=\"\/wp-content\/uploads\/VCBIS-Person-Family-Centered-Care-Action-Plan-2024.pdf\" target=\"_blank\" rel=\"noopener\">\n\t\t\t\t\t\t<\/a>\n\t\t<h4><a href=\"\/wp-content\/uploads\/VCBIS-Person-Family-Centered-Care-Action-Plan-2024.pdf\" target=\"_blank\" rel=\"noopener\">PLAN D&rsquo;ACTION DE SOINS AX\u00c9S SUR LA PERSONNE ET LA FAMILLE (veuillez noter que ce document existe en anglais seulement).<\/a><\/h4>\n\t\t\t<a href=\"\/wp-content\/uploads\/VCBIS-Person-Family-Centered-Care-Action-Plan-2024.pdf\" target=\"_blank\" rel=\"noopener\">\n\t\t\t\t\t\t\tT\u00e9l\u00e9charger\n\t\t\t\t\t<\/a>\n    <a target=\"_blank\" href=\"https:\/\/www.ocsa.on.ca\/membership\" rel=\"noopener\"><img decoding=\"async\" src=\"https:\/\/vistacentre.ca\/wp-content\/uploads\/OCSA-Members-Badge.png\"\/><\/a>\n    <a target=\"_blank\" href=\"https:\/\/accreditation.ca\/\" rel=\"noopener\"><img decoding=\"async\" src=\"https:\/\/vistacentre.ca\/wp-content\/uploads\/Accreditation-Canada-Seal.png\"\/><\/a>\n\n","protected":false},"excerpt":{"rendered":"<p>Soins centr\u00e9s sur la personne et la famille (SCPF) En 2016, le Centre de services Vista pour traumatis\u00e9s cr\u00e2niens (CSVTC) a d\u00e9cid\u00e9 de faire des soins centr\u00e9s sur la personne et la famille (SCPF) le fondement et le but principal de l&rsquo;organisme. Afin d&rsquo;am\u00e9liorer la qualit\u00e9 des soins et la s\u00e9curit\u00e9, le CSVTC reconna\u00eet l&rsquo;importance&hellip;<\/p>\n","protected":false},"author":2,"featured_media":0,"parent":27763,"menu_order":2,"comment_status":"closed","ping_status":"closed","template":"","meta":{"inline_featured_image":false,"footnotes":""},"class_list":["post-27780","page","type-page","status-publish","hentry"],"_links":{"self":[{"href":"https:\/\/vistacentre.ca\/fr\/wp-json\/wp\/v2\/pages\/27780","targetHints":{"allow":["GET"]}}],"collection":[{"href":"https:\/\/vistacentre.ca\/fr\/wp-json\/wp\/v2\/pages"}],"about":[{"href":"https:\/\/vistacentre.ca\/fr\/wp-json\/wp\/v2\/types\/page"}],"author":[{"embeddable":true,"href":"https:\/\/vistacentre.ca\/fr\/wp-json\/wp\/v2\/users\/2"}],"replies":[{"embeddable":true,"href":"https:\/\/vistacentre.ca\/fr\/wp-json\/wp\/v2\/comments?post=27780"}],"version-history":[{"count":0,"href":"https:\/\/vistacentre.ca\/fr\/wp-json\/wp\/v2\/pages\/27780\/revisions"}],"up":[{"embeddable":true,"href":"https:\/\/vistacentre.ca\/fr\/wp-json\/wp\/v2\/pages\/27763"}],"wp:attachment":[{"href":"https:\/\/vistacentre.ca\/fr\/wp-json\/wp\/v2\/media?parent=27780"}],"curies":[{"name":"wp","href":"https:\/\/api.w.org\/{rel}","templated":true}]}}