{"id":27777,"date":"2021-09-30T13:52:47","date_gmt":"2021-09-30T17:52:47","guid":{"rendered":"https:\/\/vistacentre.ca\/accueil\/"},"modified":"2021-10-06T13:54:54","modified_gmt":"2021-10-06T17:54:54","slug":"accueil","status":"publish","type":"page","link":"https:\/\/vistacentre.ca\/fr\/","title":{"rendered":"Accueil"},"content":{"rendered":"\n\n\t\n\t\t\t<a href=\"https:\/\/vistacentre.ca\/fr\/benevolat\/postuler-pour-devenir-benevole\/\" target=\"_self\" role=\"button\" rel=\"noopener\">\n\t\t\t\t\t\t\tPostuler pour devenir b\u00e9n\u00e9vole\n\t\t\t\t\t<\/a>\n\t\t\t<a href=\"https:\/\/vistacentre.ca\/fr\/dons\/\" target=\"_self\" role=\"button\" rel=\"noopener\">\n\t\t\t\t\t\t\tFaire un don\n\t\t\t\t\t<\/a>\n\t\t\t\t<a href=\"\/fr\/services\/assissted-living-fr\/\" target=\"_self\" itemprop=\"url\" rel=\"noopener\">\n\t\t\t\t<img loading=\"lazy\" decoding=\"async\" src=\"https:\/\/vistacentre.ca\/wp-content\/uploads\/2019\/06\/assisted-living-services.jpg\" alt=\"assisted-living-services\" itemprop=\"image\" height=\"342\" width=\"512\" title=\"assisted-living-services\" onerror=\"this.style.display='none'\"  \/>\n\t\t\t\t<\/a>\n<h4><a href=\"\/fr\/services\/assissted-living-fr\/\" target=\"_self\" rel=\"noopener\">SERVICES D&rsquo;AIDE \u00c0 LA VIE AUTONOME<\/a><\/h4>\t\t\n\t\t\t<p>Le CSVTC op\u00e8re une maison r\u00e9sidentielle situ\u00e9e \u00e0 Westboro. La maison comprend la pr\u00e9sence de personnel 24 heures par jour, 7 jours par semaine.<\/p>\n\t\t\t<a href=\"\/fr\/services\/assissted-living-fr\/\" target=\"_self\" role=\"button\" rel=\"noopener\">\n\t\t\t\t\t\t\tEn savoir plus\n\t\t\t\t\t<\/a>\n\t\t\t\t<a href=\"\/services\/sil\" target=\"_self\" itemprop=\"url\" rel=\"noopener\">\n\t\t\t\t<img loading=\"lazy\" decoding=\"async\" src=\"https:\/\/vistacentre.ca\/wp-content\/uploads\/2019\/06\/independence-training.jpg\" alt=\"independence-training\" itemprop=\"image\" height=\"342\" width=\"512\" title=\"independence-training\" onerror=\"this.style.display='none'\"  \/>\n\t\t\t\t<\/a>\n<h4><a href=\"\/services\/sil\" target=\"_self\" rel=\"noopener\">INDEPENDENCE<br \/>TRAINING<\/a><\/h4>\t\t\n\t\t\t<p>VCBIS encourages clients and individuals with the opportunity to fully participate in their community,<\/p>\n\t\t\t<a href=\"\/services\/sil\" target=\"_self\" role=\"button\" rel=\"noopener\">\n\t\t\t\t\t\t\tRead more\n\t\t\t\t\t<\/a>\n\t\t\t\t<a href=\"\/services\/day\" target=\"_self\" itemprop=\"url\" rel=\"noopener\">\n\t\t\t\t<img loading=\"lazy\" decoding=\"async\" src=\"https:\/\/vistacentre.ca\/wp-content\/uploads\/2019\/06\/2019-11-20_134905.jpg\" alt=\"2019-11-20_134905\" itemprop=\"image\" height=\"683\" width=\"1024\" title=\"2019-11-20_134905\" onerror=\"this.style.display='none'\"  \/>\n\t\t\t\t<\/a>\n<h4><a href=\"\/services\/day\" target=\"_self\" rel=\"noopener\">DAY<br \/>SERVICES<\/a><\/h4>\t\t\n\t\t\t<p>Participants develop leisure lifestyle skills, broaden community awareness, improve self-esteem and develop relationships.<\/p>\n\t\t\t<a href=\"\/services\/day\" target=\"_self\" role=\"button\" rel=\"noopener\">\n\t\t\t\t\t\t\tRead more\n\t\t\t\t\t<\/a>\n\t\t\t\t<a href=\"\/services\/supportgroups\" target=\"_self\" itemprop=\"url\" rel=\"noopener\">\n\t\t\t\t<img loading=\"lazy\" decoding=\"async\" src=\"https:\/\/vistacentre.ca\/wp-content\/uploads\/2019\/06\/thumb-support-group.jpg\" alt=\"Brain Injury Support Groups\" itemprop=\"image\" height=\"342\" width=\"512\" title=\"Brain Injury Support Groups\" onerror=\"this.style.display='none'\"  \/>\n\t\t\t\t<\/a>\n<h4><a href=\"\/services\/supportgroups\" target=\"_self\" rel=\"noopener\">SUPPORT GROUPS<\/a><\/h4>\t\t\n\t\t\t<p>VCBIS offers a variety of group activities specifically designed to meet the various need and interest of our clients.<\/p>\n\t\t\t<a href=\"\/services\/supportgroups\" target=\"_self\" role=\"button\" rel=\"noopener\">\n\t\t\t\t\t\t\tRead more\n\t\t\t\t\t<\/a>\n    <a target=\"_blank\" href=\"https:\/\/www.ocsa.on.ca\/membership\" rel=\"noopener\"><img decoding=\"async\" src=\"https:\/\/vistacentre.ca\/wp-content\/uploads\/OCSA-Members-Badge.png\"\/><\/a>\n    <a target=\"_blank\" href=\"https:\/\/accreditation.ca\/\" rel=\"noopener\"><img decoding=\"async\" src=\"https:\/\/vistacentre.ca\/wp-content\/uploads\/Accreditation-Canada-Seal.png\"\/><\/a>\n\n","protected":false},"excerpt":{"rendered":"<p>Postuler pour devenir b\u00e9n\u00e9vole Faire un don SERVICES D&rsquo;AIDE \u00c0 LA VIE AUTONOME Le CSVTC op\u00e8re une maison r\u00e9sidentielle situ\u00e9e \u00e0 Westboro. La maison comprend la pr\u00e9sence de personnel 24 heures par jour, 7 jours par semaine. En savoir plus INDEPENDENCETRAINING VCBIS encourages clients and individuals with the opportunity to fully participate in their community,&hellip;<\/p>\n","protected":false},"author":2,"featured_media":0,"parent":0,"menu_order":0,"comment_status":"closed","ping_status":"closed","template":"","meta":{"inline_featured_image":false,"footnotes":""},"class_list":["post-27777","page","type-page","status-publish","hentry"],"_links":{"self":[{"href":"https:\/\/vistacentre.ca\/fr\/wp-json\/wp\/v2\/pages\/27777","targetHints":{"allow":["GET"]}}],"collection":[{"href":"https:\/\/vistacentre.ca\/fr\/wp-json\/wp\/v2\/pages"}],"about":[{"href":"https:\/\/vistacentre.ca\/fr\/wp-json\/wp\/v2\/types\/page"}],"author":[{"embeddable":true,"href":"https:\/\/vistacentre.ca\/fr\/wp-json\/wp\/v2\/users\/2"}],"replies":[{"embeddable":true,"href":"https:\/\/vistacentre.ca\/fr\/wp-json\/wp\/v2\/comments?post=27777"}],"version-history":[{"count":0,"href":"https:\/\/vistacentre.ca\/fr\/wp-json\/wp\/v2\/pages\/27777\/revisions"}],"wp:attachment":[{"href":"https:\/\/vistacentre.ca\/fr\/wp-json\/wp\/v2\/media?parent=27777"}],"curies":[{"name":"wp","href":"https:\/\/api.w.org\/{rel}","templated":true}]}}