{"id":27753,"date":"2021-09-30T12:33:29","date_gmt":"2021-09-30T16:33:29","guid":{"rendered":"https:\/\/vistacentre.ca\/notre-equipe\/"},"modified":"2025-08-20T15:09:08","modified_gmt":"2025-08-20T19:09:08","slug":"notre-equipe","status":"publish","type":"page","link":"https:\/\/vistacentre.ca\/fr\/a-propos\/notre-equipe\/","title":{"rendered":"Notre \u00e9quipe"},"content":{"rendered":"\n\n\t<h1>Notre \u00e9quipe<\/h1>\n\t<p><strong>Conseil d&rsquo;administration<\/strong><\/p>\nDonna Robinson, Pr\u00e9sidente<br \/>\nTammy Kyle, Vice-pr\u00e9sidente<br \/>\nColleen Burn, Secr\u00e9taire<br \/>\nLesly Joseph, Directeur<br \/>\nRitu Sikka, Directeur\n\t<p><strong>Gestion<\/strong><\/p>\nDenis Boileau, Directeur g\u00e9n\u00e9ral<br \/>\nSt\u00e9phane H\u00e9bert, Directeur de programmes<br \/>\nMarie-Louise Mansour, Directeur de finance\n\t<p><strong>Organigramme<\/strong><\/p>\n<p><a href=\"https:\/\/vistacentre.ca\/wp-content\/uploads\/VCBIS-Organizational-Chart-2024.pdf\" target=\"_blank\" rel=\"noopener\">T\u00e9l\u00e9charger l&rsquo;organigramme<\/a><\/p>\n\t\t\t\t<a href=\"\/careers\"  target=\"_self\" itemprop=\"url\">\n\t\t\t\t<img decoding=\"async\" src=\"https:\/\/vistacentre.ca\/wp-content\/uploads\/2019\/06\/thumb-career.jpg\" alt=\"Careers at VCBIS\" itemprop=\"image\" height=\"342\" width=\"512\" title=\"Careers at VCBIS\" onerror=\"this.style.display='none'\" loading=\"lazy\" \/>\n\t\t\t\t<\/a>\n<h4><a href=\"\/careers\" target=\"_self\">CAREERS<\/a><\/h4><p>VCBIS is always looking for caring team players that have a career interest that is demanding and rewarding.<\/p>\n\t\t\t<a href=\"\/careers\" target=\"_self\">\n\t\t\t\t\t\t\tRead more\n\t\t\t\t\t<\/a>\n\t\t\t\t<a href=\"\/students\"  target=\"_self\" itemprop=\"url\">\n\t\t\t\t<img decoding=\"async\" src=\"https:\/\/vistacentre.ca\/wp-content\/uploads\/2019\/06\/thumb-students.jpg\" alt=\"Careers at VCBIS\" itemprop=\"image\" height=\"342\" width=\"512\" title=\"Careers at VCBIS\" onerror=\"this.style.display='none'\" loading=\"lazy\" \/>\n\t\t\t\t<\/a>\n<h4><a href=\"\/students\" target=\"_self\">STUDENTS<\/a><\/h4><p>We are proud to have the opportunity to play a meaningful work related role in their school experiences .<\/p>\n\t\t\t<a href=\"\/students\" target=\"_self\">\n\t\t\t\t\t\t\tRead more\n\t\t\t\t\t<\/a>\n\t\t\t\t<a href=\"\/volunteer\"  target=\"_self\" itemprop=\"url\">\n\t\t\t\t<img decoding=\"async\" src=\"https:\/\/vistacentre.ca\/wp-content\/uploads\/2019\/06\/thumb-volunteer.jpg\" alt=\"Volunteer at the VCBIS\" itemprop=\"image\" height=\"342\" width=\"512\" title=\"Volunteer at the VCBIS\" onerror=\"this.style.display='none'\" loading=\"lazy\" \/>\n\t\t\t\t<\/a>\n<h4><a href=\"\/volunteer\" target=\"_self\">VOLUNTEERS<\/a><\/h4><p>VCBIS is provides volunteers with challenging opportunities that match an individual&rsquo;s skills and interests.<\/p>\n\t\t\t<a href=\"\/volunteer\" target=\"_self\">\n\t\t\t\t\t\t\tRead more\n\t\t\t\t\t<\/a>\n\t\t\t\t<a href=\"\/donate\/\"  target=\"_self\" itemprop=\"url\">\n\t\t\t\t<img decoding=\"async\" src=\"https:\/\/vistacentre.ca\/wp-content\/uploads\/2019\/06\/thumb-donations.jpg\" alt=\"Donate to VCBIS\" itemprop=\"image\" height=\"342\" width=\"512\" title=\"Donate to VCBIS\" onerror=\"this.style.display='none'\" loading=\"lazy\" \/>\n\t\t\t\t<\/a>\n<h4><a href=\"\/donate\/\" target=\"_self\">DONATE<\/a><\/h4><p>Vista Centre Services relies on the donations of corporations and individuals to enrich our clients lives.<\/p>\n\t\t\t<a href=\"\/donate\/\" target=\"_self\">\n\t\t\t\t\t\t\tRead more\n\t\t\t\t\t<\/a>\n    <a target=\"_blank\" href=\"https:\/\/www.ocsa.on.ca\/membership\"><img decoding=\"async\" src=\"https:\/\/vistacentre.ca\/wp-content\/uploads\/OCSA-Members-Badge.png\"\/><\/a>\n    <a target=\"_blank\" href=\"https:\/\/accreditation.ca\/\"><img decoding=\"async\" src=\"https:\/\/vistacentre.ca\/wp-content\/uploads\/ACSealAwC.png\"\/><\/a>\n    <a href=\"https:\/\/vistacentre.ca\/idea-community-coalition\/\"><img decoding=\"async\" src=\"https:\/\/vistacentre.ca\/wp-content\/uploads\/idea.png\"\/><\/a>\n\n","protected":false},"excerpt":{"rendered":"<p>Notre \u00e9quipe Conseil d&rsquo;administration Donna Robinson, Pr\u00e9sidente Tammy Kyle, Vice-pr\u00e9sidente Colleen Burn, Secr\u00e9taire Lesly Joseph, Directeur Ritu Sikka, Directeur Gestion Denis Boileau, Directeur g\u00e9n\u00e9ral St\u00e9phane H\u00e9bert, Directeur de programmes Marie-Louise Mansour, Directeur de finance Organigramme T\u00e9l\u00e9charger l&rsquo;organigramme CAREERS VCBIS is always looking for caring team players that have a career interest that is demanding and&hellip;<\/p>\n","protected":false},"author":2,"featured_media":0,"parent":27763,"menu_order":0,"comment_status":"closed","ping_status":"closed","template":"","meta":{"inline_featured_image":false,"footnotes":""},"class_list":["post-27753","page","type-page","status-publish","hentry"],"_links":{"self":[{"href":"https:\/\/vistacentre.ca\/fr\/wp-json\/wp\/v2\/pages\/27753","targetHints":{"allow":["GET"]}}],"collection":[{"href":"https:\/\/vistacentre.ca\/fr\/wp-json\/wp\/v2\/pages"}],"about":[{"href":"https:\/\/vistacentre.ca\/fr\/wp-json\/wp\/v2\/types\/page"}],"author":[{"embeddable":true,"href":"https:\/\/vistacentre.ca\/fr\/wp-json\/wp\/v2\/users\/2"}],"replies":[{"embeddable":true,"href":"https:\/\/vistacentre.ca\/fr\/wp-json\/wp\/v2\/comments?post=27753"}],"version-history":[{"count":0,"href":"https:\/\/vistacentre.ca\/fr\/wp-json\/wp\/v2\/pages\/27753\/revisions"}],"up":[{"embeddable":true,"href":"https:\/\/vistacentre.ca\/fr\/wp-json\/wp\/v2\/pages\/27763"}],"wp:attachment":[{"href":"https:\/\/vistacentre.ca\/fr\/wp-json\/wp\/v2\/media?parent=27753"}],"curies":[{"name":"wp","href":"https:\/\/api.w.org\/{rel}","templated":true}]}}